{"id":2,"date":"2021-11-06T05:35:46","date_gmt":"2021-11-06T05:35:46","guid":{"rendered":"https:\/\/patio21.cl\/Wb\/?page_id=2"},"modified":"2025-08-18T11:51:27","modified_gmt":"2025-08-18T14:51:27","slug":"sample-page","status":"publish","type":"page","link":"https:\/\/patio21.cl\/Wb\/","title":{"rendered":"PATIO-21"},"content":{"rendered":"\n<blockquote class=\"wp-block-quote is-style-default has-medium-font-size is-layout-flow wp-block-quote-is-layout-flow\">\n<p class=\"has-white-color has-text-color has-link-color wp-elements-dd8575199de93d7a5889907e27cd5730\">Patio-21<br> <strong>fono contacto: <\/strong><br><strong>+569 6900<\/strong> 7267<br>Direcci\u00f3n: Av. Yungay 793, San Felipe, Aconcagua<br>V Regi\u00f3n, Chile<\/p>\n\n\n<div class=\"wp-block-image\">\n<figure class=\"aligncenter size-full is-resized\"><img loading=\"lazy\" decoding=\"async\" width=\"450\" height=\"450\" src=\"https:\/\/patio21.cl\/Wb\/wp-content\/uploads\/2025\/07\/qrcode_patio21.cl_.png\" alt=\"QR PATIO21\" class=\"wp-image-383\" style=\"width:312px;height:auto\" srcset=\"https:\/\/patio21.cl\/Wb\/wp-content\/uploads\/2025\/07\/qrcode_patio21.cl_.png 450w, https:\/\/patio21.cl\/Wb\/wp-content\/uploads\/2025\/07\/qrcode_patio21.cl_-300x300.png 300w, https:\/\/patio21.cl\/Wb\/wp-content\/uploads\/2025\/07\/qrcode_patio21.cl_-150x150.png 150w, https:\/\/patio21.cl\/Wb\/wp-content\/uploads\/2025\/07\/qrcode_patio21.cl_-60x60.png 60w\" sizes=\"auto, (max-width: 450px) 100vw, 450px\" \/><figcaption class=\"wp-element-caption\"><mark style=\"background-color:rgba(0, 0, 0, 0)\" class=\"has-inline-color has-pale-pink-color\">CARTA 2025<\/mark><\/figcaption><\/figure>\n<\/div><\/blockquote>\n\n\n\n<blockquote class=\"wp-block-quote is-layout-flow wp-block-quote-is-layout-flow\">\n<p><mark style=\"background-color:rgba(0, 0, 0, 0)\" class=\"has-inline-color has-pale-pink-color\">ABIERTO DESDE LAS 17HRS.<\/mark><\/p>\n<\/blockquote>\n\n\n\n<blockquote class=\"wp-block-quote is-style-large is-layout-flow wp-block-quote-is-layout-flow\">\n<p class=\"has-pale-pink-color has-text-color has-link-color wp-elements-5a6945b210a4dc286bd46ec3d6ff5f6f\">Lugar de recreaci\u00f3n, comida, cervezas, tragos, m\u00fasica, Shows en vivo y m\u00e1s<\/p>\n<\/blockquote>\n\n\n\n<p><mark style=\"background-color:rgba(0, 0, 0, 0)\" class=\"has-inline-color has-pale-pink-color\">Bar\ud83d\udc49SAL\u00d3N INTERIOR Y TERRAZA EXTERIOR CON CARTA NACIONAL E INTERNACIONAL DE TRAGOS Y COMIDA<br>ADEM\u00c1S MEN\u00daS Y COMIDA A LA CARTA TODA LA SEMANA<br>\ud83d\udcde+569 6900 7267<\/mark><\/p>\n\n\n\n<blockquote class=\"wp-block-quote is-layout-flow wp-block-quote-is-layout-flow\">\n<p class=\"has-pale-pink-color has-text-color has-link-color wp-elements-cca74a8d586d01bb38b428ba6a22439a\">HISTORICOS RECUERDOS<\/p>\n<\/blockquote>\n\n\n\n<figure class=\"wp-block-gallery has-nested-images columns-default is-cropped wp-block-gallery-1 is-layout-flex wp-block-gallery-is-layout-flex\" id=\"fotos\">\n<figure class=\"wp-block-image size-large\"><img loading=\"lazy\" decoding=\"async\" width=\"431\" height=\"538\" data-id=\"137\" src=\"https:\/\/patio21.cl\/Wb\/wp-content\/uploads\/2021\/11\/hawaiian-tropic.png\" alt=\"\" class=\"wp-image-137\" srcset=\"https:\/\/patio21.cl\/Wb\/wp-content\/uploads\/2021\/11\/hawaiian-tropic.png 431w, https:\/\/patio21.cl\/Wb\/wp-content\/uploads\/2021\/11\/hawaiian-tropic-240x300.png 240w, https:\/\/patio21.cl\/Wb\/wp-content\/uploads\/2021\/11\/hawaiian-tropic-48x60.png 48w\" sizes=\"auto, (max-width: 431px) 100vw, 431px\" \/><\/figure>\n\n\n\n<figure class=\"wp-block-image size-large\"><img loading=\"lazy\" decoding=\"async\" width=\"434\" height=\"544\" data-id=\"249\" src=\"https:\/\/patio21.cl\/Wb\/wp-content\/uploads\/2021\/11\/Scaramelli.png\" alt=\"\" class=\"wp-image-249\" srcset=\"https:\/\/patio21.cl\/Wb\/wp-content\/uploads\/2021\/11\/Scaramelli.png 434w, https:\/\/patio21.cl\/Wb\/wp-content\/uploads\/2021\/11\/Scaramelli-239x300.png 239w, https:\/\/patio21.cl\/Wb\/wp-content\/uploads\/2021\/11\/Scaramelli-48x60.png 48w\" sizes=\"auto, (max-width: 434px) 100vw, 434px\" \/><\/figure>\n\n\n\n<figure class=\"wp-block-image size-large\"><img loading=\"lazy\" decoding=\"async\" width=\"526\" height=\"526\" data-id=\"37\" src=\"https:\/\/patio21.cl\/Wb\/wp-content\/uploads\/2021\/11\/ZREYES.jpg\" alt=\"\" class=\"wp-image-37\" srcset=\"https:\/\/patio21.cl\/Wb\/wp-content\/uploads\/2021\/11\/ZREYES.jpg 526w, https:\/\/patio21.cl\/Wb\/wp-content\/uploads\/2021\/11\/ZREYES-300x300.jpg 300w, https:\/\/patio21.cl\/Wb\/wp-content\/uploads\/2021\/11\/ZREYES-150x150.jpg 150w, https:\/\/patio21.cl\/Wb\/wp-content\/uploads\/2021\/11\/ZREYES-60x60.jpg 60w\" sizes=\"auto, (max-width: 526px) 100vw, 526px\" \/><\/figure>\n\n\n\n<figure class=\"wp-block-image size-large\"><img loading=\"lazy\" decoding=\"async\" width=\"540\" height=\"439\" data-id=\"17\" src=\"https:\/\/patio21.cl\/Wb\/wp-content\/uploads\/2021\/11\/portada-TERRAZA21.jpg\" alt=\"\" class=\"wp-image-17\" srcset=\"https:\/\/patio21.cl\/Wb\/wp-content\/uploads\/2021\/11\/portada-TERRAZA21.jpg 540w, https:\/\/patio21.cl\/Wb\/wp-content\/uploads\/2021\/11\/portada-TERRAZA21-300x244.jpg 300w, https:\/\/patio21.cl\/Wb\/wp-content\/uploads\/2021\/11\/portada-TERRAZA21-74x60.jpg 74w\" sizes=\"auto, (max-width: 540px) 100vw, 540px\" \/><\/figure>\n\n\n\n<figure class=\"wp-block-image size-large\"><img loading=\"lazy\" decoding=\"async\" width=\"960\" height=\"768\" data-id=\"27\" src=\"https:\/\/patio21.cl\/Wb\/wp-content\/uploads\/2021\/11\/menu-carta.jpg\" alt=\"\" class=\"wp-image-27\" srcset=\"https:\/\/patio21.cl\/Wb\/wp-content\/uploads\/2021\/11\/menu-carta.jpg 960w, https:\/\/patio21.cl\/Wb\/wp-content\/uploads\/2021\/11\/menu-carta-300x240.jpg 300w, https:\/\/patio21.cl\/Wb\/wp-content\/uploads\/2021\/11\/menu-carta-768x614.jpg 768w, https:\/\/patio21.cl\/Wb\/wp-content\/uploads\/2021\/11\/menu-carta-75x60.jpg 75w\" sizes=\"auto, (max-width: 960px) 100vw, 960px\" \/><\/figure>\n\n\n\n<figure class=\"wp-block-image size-large\"><img loading=\"lazy\" decoding=\"async\" width=\"427\" height=\"582\" data-id=\"221\" src=\"https:\/\/patio21.cl\/Wb\/wp-content\/uploads\/2021\/11\/JARRA-SANGRIA-1.jpg\" alt=\"\" class=\"wp-image-221\" srcset=\"https:\/\/patio21.cl\/Wb\/wp-content\/uploads\/2021\/11\/JARRA-SANGRIA-1.jpg 427w, https:\/\/patio21.cl\/Wb\/wp-content\/uploads\/2021\/11\/JARRA-SANGRIA-1-220x300.jpg 220w, https:\/\/patio21.cl\/Wb\/wp-content\/uploads\/2021\/11\/JARRA-SANGRIA-1-44x60.jpg 44w\" sizes=\"auto, (max-width: 427px) 100vw, 427px\" \/><figcaption class=\"wp-element-caption\">JARRA DE SANGR\u00cdA EN PROMOCI\u00d3N!<\/figcaption><\/figure>\n<\/figure>\n\n\n\n<hr class=\"wp-block-separator has-text-color has-vivid-green-cyan-color has-css-opacity has-vivid-green-cyan-background-color has-background\"\/>\n\n\n\n<h2 class=\"wp-block-heading has-pale-pink-color has-black-background-color has-text-color has-background has-medium-font-size\" id=\"formulario\">FORMULARIO DE CONTACTO<\/h2>\n\n\n<style id=\"wpforms-css-vars-160-block-eeee6691-5691-4412-853b-bb6a687ab416\">\n\t\t\t\t#wpforms-160.wpforms-block-eeee6691-5691-4412-853b-bb6a687ab416 {\n\t\t\t\t--wpforms-field-text-color: #ffffff;\n--wpforms-button-background-color: #f78da7;\n--wpforms-field-size-input-height: 43px;\n--wpforms-field-size-input-spacing: 15px;\n--wpforms-field-size-font-size: 16px;\n--wpforms-field-size-line-height: 19px;\n--wpforms-field-size-padding-h: 14px;\n--wpforms-field-size-checkbox-size: 16px;\n--wpforms-field-size-sublabel-spacing: 5px;\n--wpforms-field-size-icon-size: 1;\n--wpforms-label-size-font-size: 16px;\n--wpforms-label-size-line-height: 19px;\n--wpforms-label-size-sublabel-font-size: 14px;\n--wpforms-label-size-sublabel-line-height: 17px;\n--wpforms-button-size-font-size: 17px;\n--wpforms-button-size-height: 41px;\n--wpforms-button-size-padding-h: 15px;\n--wpforms-button-size-margin-top: 10px;\n\n\t\t\t}\n\t\t\t<\/style><div class=\"wpforms-container wpforms-container-full wpforms-block wpforms-block-eeee6691-5691-4412-853b-bb6a687ab416 wpforms-render-modern\" id=\"wpforms-160\"><form id=\"wpforms-form-160\" class=\"wpforms-validate wpforms-form wpforms-ajax-form\" data-formid=\"160\" method=\"post\" enctype=\"multipart\/form-data\" action=\"\/Wb\/wp-json\/wp\/v2\/pages\/2\" data-token=\"a2527cf22080164657e2d6cda4c58d41\" data-token-time=\"1776277096\"><noscript class=\"wpforms-error-noscript\">Por favor, activa JavaScript en tu navegador para completar este formulario.<\/noscript><div id=\"wpforms-error-noscript\" style=\"display: none;\">Por favor, activa JavaScript en tu navegador para completar este formulario.<\/div><div class=\"wpforms-field-container\"><div id=\"wpforms-160-field_0-container\" class=\"wpforms-field wpforms-field-name\" data-field-id=\"0\"><fieldset><legend class=\"wpforms-field-label\">Nombre <span class=\"wpforms-required-label\" aria-hidden=\"true\">*<\/span><\/legend><div class=\"wpforms-field-row wpforms-field-medium\"><div class=\"wpforms-field-row-block wpforms-first wpforms-one-half\"><input type=\"text\" id=\"wpforms-160-field_0\" class=\"wpforms-field-name-first wpforms-field-required\" name=\"wpforms[fields][0][first]\" aria-errormessage=\"wpforms-160-field_0-error\" required><label for=\"wpforms-160-field_0\" class=\"wpforms-field-sublabel after\">Nombre<\/label><\/div><div class=\"wpforms-field-row-block wpforms-one-half\"><input type=\"text\" id=\"wpforms-160-field_0-last\" class=\"wpforms-field-name-last wpforms-field-required\" name=\"wpforms[fields][0][last]\" aria-errormessage=\"wpforms-160-field_0-last-error\" required><label for=\"wpforms-160-field_0-last\" class=\"wpforms-field-sublabel after\">Apellidos<\/label><\/div><\/div><\/fieldset><\/div><div id=\"wpforms-160-field_1-container\" class=\"wpforms-field wpforms-field-email\" data-field-id=\"1\"><label class=\"wpforms-field-label\" for=\"wpforms-160-field_1\">Email <span class=\"wpforms-required-label\" aria-hidden=\"true\">*<\/span><\/label><input type=\"email\" id=\"wpforms-160-field_1\" class=\"wpforms-field-medium wpforms-field-required\" name=\"wpforms[fields][1]\" spellcheck=\"false\" aria-errormessage=\"wpforms-160-field_1-error\" required><\/div><div id=\"wpforms-160-field_3-container\" class=\"wpforms-field wpforms-field-number\" data-field-id=\"3\"><label class=\"wpforms-field-label\" for=\"wpforms-160-field_3\">Fono <span class=\"wpforms-required-label\" aria-hidden=\"true\">*<\/span><\/label><input type=\"number\" id=\"wpforms-160-field_3\" class=\"wpforms-field-small wpforms-field-required\" name=\"wpforms[fields][3]\" step=\"any\" aria-errormessage=\"wpforms-160-field_3-error\" required><\/div><div id=\"wpforms-160-field_2-container\" class=\"wpforms-field wpforms-field-textarea\" data-field-id=\"2\"><label class=\"wpforms-field-label\" for=\"wpforms-160-field_2\">Comentario <span class=\"wpforms-required-label\" aria-hidden=\"true\">*<\/span><\/label><textarea id=\"wpforms-160-field_2\" class=\"wpforms-field-medium wpforms-field-required\" name=\"wpforms[fields][2]\" aria-errormessage=\"wpforms-160-field_2-error\" required><\/textarea><\/div><\/div><!-- .wpforms-field-container --><div class=\"wpforms-recaptcha-container wpforms-is-recaptcha wpforms-is-recaptcha-type-v3\" ><input type=\"hidden\" name=\"wpforms[recaptcha]\" value=\"\"><\/div><div class=\"wpforms-submit-container\" ><input type=\"hidden\" name=\"wpforms[id]\" value=\"160\"><input type=\"hidden\" name=\"page_title\" value=\"\"><input type=\"hidden\" name=\"page_url\" value=\"https:\/\/patio21.cl\/Wb\/wp-json\/wp\/v2\/pages\/2\"><input type=\"hidden\" name=\"url_referer\" value=\"\"><button type=\"submit\" name=\"wpforms[submit]\" id=\"wpforms-submit-160\" class=\"wpforms-submit\" data-alt-text=\"Enviando...\" data-submit-text=\"ENVIAR\" aria-live=\"assertive\" value=\"wpforms-submit\">ENVIAR<\/button><img loading=\"lazy\" decoding=\"async\" src=\"https:\/\/patio21.cl\/Wb\/wp-content\/plugins\/wpforms-lite\/assets\/images\/submit-spin.svg\" class=\"wpforms-submit-spinner\" style=\"display: none;\" width=\"26\" height=\"26\" alt=\"Cargando\"><\/div><\/form><\/div>  <!-- .wpforms-container -->\n\n\n<hr class=\"wp-block-separator has-css-opacity\"\/>\n\n\n\n<h2 class=\"wp-block-heading has-pale-pink-color has-black-background-color has-text-color has-background has-medium-font-size\" id=\"mapa\">MAPA DE UBICACI\u00d3N<\/h2>\n\n\n\n<div class=\"wp-block-group\"><div class=\"wp-block-group__inner-container is-layout-constrained wp-block-group-is-layout-constrained\"><\/div><\/div>\n\n\n\n<p><\/p>\n","protected":false},"excerpt":{"rendered":"<p>ABIERTO DESDE LAS 17HRS. Lugar de recreaci\u00f3n, comida, cervezas, tragos, m\u00fasica, Shows en vivo y m\u00e1s Bar\ud83d\udc49SAL\u00d3N INTERIOR Y TERRAZA EXTERIOR CON CARTA NACIONAL E INTERNACIONAL DE TRAGOS Y COMIDAADEM\u00c1S MEN\u00daS Y COMIDA A LA CARTA TODA LA SEMANA\ud83d\udcde+569 6900 7267 HISTORICOS RECUERDOS FORMULARIO DE CONTACTO MAPA DE UBICACI\u00d3N<\/p>\n","protected":false},"author":1,"featured_media":0,"parent":0,"menu_order":0,"comment_status":"closed","ping_status":"open","template":"","meta":{"footnotes":""},"class_list":["post-2","page","type-page","status-publish","hentry","latest_post"],"_links":{"self":[{"href":"https:\/\/patio21.cl\/Wb\/wp-json\/wp\/v2\/pages\/2","targetHints":{"allow":["GET"]}}],"collection":[{"href":"https:\/\/patio21.cl\/Wb\/wp-json\/wp\/v2\/pages"}],"about":[{"href":"https:\/\/patio21.cl\/Wb\/wp-json\/wp\/v2\/types\/page"}],"author":[{"embeddable":true,"href":"https:\/\/patio21.cl\/Wb\/wp-json\/wp\/v2\/users\/1"}],"replies":[{"embeddable":true,"href":"https:\/\/patio21.cl\/Wb\/wp-json\/wp\/v2\/comments?post=2"}],"version-history":[{"count":68,"href":"https:\/\/patio21.cl\/Wb\/wp-json\/wp\/v2\/pages\/2\/revisions"}],"predecessor-version":[{"id":459,"href":"https:\/\/patio21.cl\/Wb\/wp-json\/wp\/v2\/pages\/2\/revisions\/459"}],"wp:attachment":[{"href":"https:\/\/patio21.cl\/Wb\/wp-json\/wp\/v2\/media?parent=2"}],"curies":[{"name":"wp","href":"https:\/\/api.w.org\/{rel}","templated":true}]}}